{"id":1817,"date":"2024-02-08T17:15:43","date_gmt":"2024-02-08T16:15:43","guid":{"rendered":"https:\/\/sokka.eus\/?page_id=1817"},"modified":"2024-02-08T17:15:43","modified_gmt":"2024-02-08T16:15:43","slug":"cookie-politika","status":"publish","type":"page","link":"http:\/\/sokka.eus\/es\/cookie-politika\/","title":{"rendered":"Pol\u00edtica de Cookies"},"content":{"rendered":"<p><\/p>\n\n\n\n<p>La ASOCIACI\u00d3N ESTUDIANTIL JUNIOR EMPRESA SOKKA (en adelante, SOKKA) quieren informarle sobre el uso de las cookies en sus sitios web.<br>Las cookies son archivos que se pueden descargar en su equipo a trav\u00e9s de las p\u00e1ginas web. Son herramientas que tienen un papel esencial para la prestaci\u00f3n de numerosos servicios de la sociedad de la informaci\u00f3n. Entre otros, permiten a un sitio web almacenar y recuperar informaci\u00f3n sobre los h\u00e1bitos de navegaci\u00f3n de un usuario o de su equipo y, dependiendo de la informaci\u00f3n obtenida, se pueden utilizar para reconocer al usuario y mejorar el servicio ofrecido.<\/p>\n\n\n\n<p>Tipos de cookies<br>Se pueden distinguir dos tipos de cookies, seg\u00fan quien sea la entidad que gestione el dominio desde donde se env\u00edan las cookies y trate los datos que se obtengan: cookies propias y cookies de terceros.<br>Adem\u00e1s, hablamos de cookies de sesi\u00f3n o cookies permanentes, cuando se trata del plazo de tiempo que permanecen almacenadas en el navegador del cliente.<br>Por \u00faltimo, existe otra clasificaci\u00f3n con cinco tipos de cookies seg\u00fan la finalidad para la que se traten los datos obtenidos: cookies t\u00e9cnicas, cookies de personalizaci\u00f3n, cookies de an\u00e1lisis, cookies publicitarias y cookies de publicidad comportamental.<\/p>\n\n\n\n<p>Quedan exceptuadas del cumplimiento de las obligaciones establecidas en el art\u00edculo 22.2 de la Ley 34\/2002, de 11 de julio, de servicios de la sociedad de la informaci\u00f3n y de comercio electr\u00f3nico, en adelante LSSI, las cookies utilizadas para alguna de las siguientes finalidades:<\/p>\n\n\n\n<ul class=\"wp-block-list\">\n<li>Permitir \u00fanicamente la comunicaci\u00f3n entre el equipo del usuario y la red.<\/li>\n\n\n\n<li>Estrictamente prestar un servicio expresamente solicitado por el usuario.<br>En este sentido el Grupo de Trabajo del Art\u00edculo 29 en su Dictamen 4\/2012 (Dictamen 4\/2012 sobre la exenci\u00f3n del requisito de consentimiento de Cookies, http:\/\/ec.europa.eu\/justice\/data-protection\/article-29\/documentation\/opinion-recommendation\/files\/2012\/wp194_es.pdf) ha interpretado que entre las cookies exceptuadas estar\u00edan aquellas que tienen por finalidad:<\/li>\n\n\n\n<li>Cookies de \u00abentrada del usuario\u00bb<\/li>\n\n\n\n<li>Cookies de autenticaci\u00f3n o identificaci\u00f3n de usuario (\u00fanicamente de sesi\u00f3n)<\/li>\n\n\n\n<li>Cookies de seguridad del usuario<\/li>\n\n\n\n<li>Cookies de sesi\u00f3n de reproductor multimedia<\/li>\n\n\n\n<li>Cookies de sesi\u00f3n para equilibrar la carga<\/li>\n\n\n\n<li>Cookies de personalizaci\u00f3n de la interfaz de usuario<\/li>\n\n\n\n<li>Cookies de complemento (plug-in) para intercambiar contenidos sociales<br>As\u00ed pues, puede entenderse que estas cookies quedan excluidas del \u00e1mbito de aplicaci\u00f3n del art\u00edculo 22.2 de la LSSI, y por lo tanto, no ser\u00eda necesario informar ni obtener el consentimiento sobre su uso.<\/li>\n<\/ul>\n\n\n\n<p>Cookies utilizadas en la web:<br>WordPress:<\/p>\n\n\n\n<p>Cookie<br>Duraci\u00f3n<br>Prop\u00f3sito<br>\u00bfSolo usuarios conectados?<\/p>\n\n\n\n<p>devicePixelRatio<br>Por defecto del navegador (1 a\u00f1o)<br>Se utiliza para hacer que el sitio adaptable al tama\u00f1o de la pantalla del visitante.<br>No<br>wordpress_test_cookie<br>Sesi\u00f3n<br>Prueba que el navegador acepta cookies.<br>No<\/p>\n\n\n\n<p>wp-settings-{user_id}<br>1 a\u00f1o<br>Se usa para mantener la configuraci\u00f3n del usuario en wp-admin<br>S\u00ed<br>wporg_logged_in<br>wporg_sec<br>14 d\u00edas si seleccionas \u00abRecu\u00e9rdame\u00bb cuando accedes. De lo contrario, el tiempo de sesi\u00f3n.<br>Se utiliza para comprobar si el visitante actual es un usuario registrado en WordPress.org.<br>S\u00ed<br>wporg_locale<br>1 a\u00f1o<br>Usado para mantener la configuraci\u00f3n del idioma local del usuario.<br>S\u00ed<\/p>\n\n\n\n<p>welcome-{blog_id}<br>Permanente<br>Se utiliza para registrar si has elegido ocultar el mensaje de \u00abBienvenida\u00bb en la parte superior del blog correspondiente.<br>No<br>showComments<br>10 a\u00f1os<br>Se utiliza para determinar si prefieres que los comentarios se muestren u oculten al leer el sitio.<br>No<\/p>\n\n\n\n<p>trac_form_token<br>Sesi\u00f3n<br>Se utiliza como un token de seguridad para protecci\u00f3n frente a falsificaci\u00f3n cruzada de peticiones.<br>No<br>trac_session<br>90 d\u00edas<br>Se utiliza para mantener an\u00f3nima la informaci\u00f3n de la sesi\u00f3n.<br>No<\/p>\n\n\n\n<p>codexToken<br>6 meses<br>Se utiliza para comprobar si el visitante actual est\u00e1 conectado como usuario de WrodPress.org. Solo se guarda si eliges \u00abSeguir conectado\u00bb al acceder.<br>S\u00ed<br>codexUserId<br>codexUserName<br>6 meses<br>Se utiliza para comprobar si el visitante actual es un usuario registrado en WordPress.org.<br>S\u00ed<br>codex_session<br>Sesi\u00f3n<br>Se utiliza para comprobar si el visitante actual es un usuario registrado en WordPress.org.<br>S\u00ed<\/p>\n\n\n\n<p>camptix_client_stats<br>1 a\u00f1o<br>Se utiliza para realizar un seguimiento de los visitantes \u00fanicos a la p\u00e1gina de entradas en un sitio wordcamp<br>No<br>wp-saving-post<br>1 d\u00eda<br>Se utiliza para rastrear si existe una publicaci\u00f3n guardada en una publicaci\u00f3n que se est\u00e1 editando. Si existe, permite al usuario restaurar los datos.<br>S\u00ed<br>comment_author_{hash}<br>347 d\u00edas<br>Usado para rastrear el nombre del autor del comentario, si est\u00e1 seleccionado \u00abGuardar mi nombre, correo electr\u00f3nico y sitio web en este navegador para la pr\u00f3xima vez que comento\u00bb<br>No<br>comment_author_email_{hash}<br>347 d\u00edas<br>Se usa para guardar el correo electr\u00f3nico de autor del comentario si selecciona \u00abGuardar mi nombre, correo electr\u00f3nico y web en este navegador para la pr\u00f3xima vez que comente\u00bb<br>No<br>comment_author_url_{hash}<br>347 d\u00edas<br>Usado para rastrear la URL del autor del comentario, si est\u00e1 seleccionada la casilla de verificaci\u00f3n \u00abGuardar mi nombre, correo electr\u00f3nico y sitio web en este navegador para la pr\u00f3xima vez que comente\u00bb.<br>No<br>wp-postpass_{hash}<br>10 d\u00edas<br>Usado para mantener la sesi\u00f3n si una entrada est\u00e1 protegida con contrase\u00f1a<br>No<br>wp-settings-{user}<br>1 a\u00f1o<br>Se para conservar los ajustes del usuario en wp admin<br>S\u00ed<br>wp-settings-time-{user}<br>1 a\u00f1o<br>Hora en la que se estableci\u00f3 wp-settings-{user}<br>S\u00ed<br>tix_view_token<br>2 d\u00edas<br>Se usa para la gesti\u00f3n privada de la sesi\u00f3n del contenido de camptix<br>No<br>tk_ai<br>Navegador por defecto<br>Usado para seguimiento<br>No<br>jetpackState<br>Sesi\u00f3n<br>Se utiliza para mantener el estado de Jetpack<br>S\u00ed<br>jpp_math_pass<br>Sesi\u00f3n<br>Verifica que un usuario respondi\u00f3 el problema matem\u00e1tico correctamente al iniciar sesi\u00f3n.<br>No<br>stnojs<br>2 d\u00edas<br>Recuerda si el usuario no quiere que se ejecute JavaScript<br>No<br>wordpress_logged_in_{hash}<br>Sesi\u00f3n<br>Recordar sesi\u00f3n del usuario<br>S\u00ed<br>wordpress_test_cookie<br>Sesi\u00f3n<br>Prueba si se puede establecer la cookie<br>No<\/p>\n\n\n\n<p>Aceptaci\u00f3n de la Pol\u00edtica de cookies<br>SOKKA asume que usted acepta el uso de cookies. No obstante, muestra informaci\u00f3n sobre su Pol\u00edtica de cookies en la parte inferior de cualquier p\u00e1gina de los sitios web con cada inicio de sesi\u00f3n con el objeto de que usted sea consciente.<br>Ante esta informaci\u00f3n es posible llevar a cabo las siguientes acciones:<br>Aceptar cookies. No se volver\u00e1 a visualizar este aviso al acceder a cualquier p\u00e1gina de los sitios web durante la presente sesi\u00f3n.<br>No aceptar. La web no funcionar\u00e1 correctamente y no se podr\u00e1 navegar por ella.<\/p>\n\n\n\n<p>Modificar su configuraci\u00f3n:<br>C\u00f3mo modificar la configuraci\u00f3n de las cookies<br>Usted puede restringir, bloquear o borrar las cookies de SOKKA o cualquier otro sitio web, utilizando su navegador. En cada navegador la operativa es diferente, la funci\u00f3n de \u2018Ayuda\u201d le mostrar\u00e1 c\u00f3mo hacerlo.<br>Internet Explorer<br>FireFox<br>Chrome<br>Safari<\/p>\n\n\n\n<p>Adem\u00e1s, tambi\u00e9n puede gestionar el almac\u00e9n de cookies en su navegador a trav\u00e9s de herramientas como las siguientes:<br>Ghostery<br>Your online choices<\/p>","protected":false},"excerpt":{"rendered":"<p>La ASOCIACI\u00d3N ESTUDIANTIL JUNIOR EMPRESA SOKKA (en adelante, SOKKA) quieren informarle sobre el uso de las cookies en sus sitios web.Las cookies son archivos que se pueden descargar en su equipo a trav\u00e9s de las p\u00e1ginas web. Son herramientas que tienen un papel esencial para la prestaci\u00f3n de numerosos servicios de la sociedad de la [&hellip;]<\/p>\n","protected":false},"author":1,"featured_media":0,"parent":0,"menu_order":0,"comment_status":"closed","ping_status":"closed","template":"","meta":{"om_disable_all_campaigns":false,"_uag_custom_page_level_css":"","site-sidebar-layout":"default","site-content-layout":"","ast-site-content-layout":"default","site-content-style":"default","site-sidebar-style":"default","ast-global-header-display":"","ast-banner-title-visibility":"","ast-main-header-display":"","ast-hfb-above-header-display":"","ast-hfb-below-header-display":"","ast-hfb-mobile-header-display":"","site-post-title":"","ast-breadcrumbs-content":"","ast-featured-img":"","footer-sml-layout":"","theme-transparent-header-meta":"","adv-header-id-meta":"","stick-header-meta":"","header-above-stick-meta":"","header-main-stick-meta":"","header-below-stick-meta":"","astra-migrate-meta-layouts":"set","ast-page-background-enabled":"default","ast-page-background-meta":{"desktop":{"background-color":"","background-image":"","background-repeat":"repeat","background-position":"center center","background-size":"auto","background-attachment":"scroll","background-type":"","background-media":"","overlay-type":"","overlay-color":"","overlay-gradient":""},"tablet":{"background-color":"","background-image":"","background-repeat":"repeat","background-position":"center center","background-size":"auto","background-attachment":"scroll","background-type":"","background-media":"","overlay-type":"","overlay-color":"","overlay-gradient":""},"mobile":{"background-color":"","background-image":"","background-repeat":"repeat","background-position":"center center","background-size":"auto","background-attachment":"scroll","background-type":"","background-media":"","overlay-type":"","overlay-color":"","overlay-gradient":""}},"ast-content-background-meta":{"desktop":{"background-color":"var(--ast-global-color-5)","background-image":"","background-repeat":"repeat","background-position":"center center","background-size":"auto","background-attachment":"scroll","background-type":"","background-media":"","overlay-type":"","overlay-color":"","overlay-gradient":""},"tablet":{"background-color":"var(--ast-global-color-5)","background-image":"","background-repeat":"repeat","background-position":"center center","background-size":"auto","background-attachment":"scroll","background-type":"","background-media":"","overlay-type":"","overlay-color":"","overlay-gradient":""},"mobile":{"background-color":"var(--ast-global-color-5)","background-image":"","background-repeat":"repeat","background-position":"center center","background-size":"auto","background-attachment":"scroll","background-type":"","background-media":"","overlay-type":"","overlay-color":"","overlay-gradient":""}},"footnotes":""},"class_list":["post-1817","page","type-page","status-publish","hentry"],"uagb_featured_image_src":{"full":false,"thumbnail":false,"medium":false,"medium_large":false,"large":false,"1536x1536":false,"2048x2048":false,"trp-custom-language-flag":false},"uagb_author_info":{"display_name":"Sokka","author_link":"http:\/\/sokka.eus\/es\/author\/sokka\/"},"uagb_comment_info":0,"uagb_excerpt":"La ASOCIACI\u00d3N ESTUDIANTIL JUNIOR EMPRESA SOKKA (en adelante, SOKKA) quieren informarle sobre el uso de las cookies en sus sitios web.Las cookies son archivos que se pueden descargar en su equipo a trav\u00e9s de las p\u00e1ginas web. Son herramientas que tienen un papel esencial para la prestaci\u00f3n de numerosos servicios de la sociedad de la&hellip;","_links":{"self":[{"href":"http:\/\/sokka.eus\/es\/wp-json\/wp\/v2\/pages\/1817","targetHints":{"allow":["GET"]}}],"collection":[{"href":"http:\/\/sokka.eus\/es\/wp-json\/wp\/v2\/pages"}],"about":[{"href":"http:\/\/sokka.eus\/es\/wp-json\/wp\/v2\/types\/page"}],"author":[{"embeddable":true,"href":"http:\/\/sokka.eus\/es\/wp-json\/wp\/v2\/users\/1"}],"replies":[{"embeddable":true,"href":"http:\/\/sokka.eus\/es\/wp-json\/wp\/v2\/comments?post=1817"}],"version-history":[{"count":1,"href":"http:\/\/sokka.eus\/es\/wp-json\/wp\/v2\/pages\/1817\/revisions"}],"predecessor-version":[{"id":1818,"href":"http:\/\/sokka.eus\/es\/wp-json\/wp\/v2\/pages\/1817\/revisions\/1818"}],"wp:attachment":[{"href":"http:\/\/sokka.eus\/es\/wp-json\/wp\/v2\/media?parent=1817"}],"curies":[{"name":"wp","href":"https:\/\/api.w.org\/{rel}","templated":true}]}}