{"id":1782,"date":"2024-02-08T16:00:33","date_gmt":"2024-02-08T15:00:33","guid":{"rendered":"https:\/\/sokka.eus\/?page_id=1782"},"modified":"2024-02-08T16:03:12","modified_gmt":"2024-02-08T15:03:12","slug":"elementor-1782","status":"publish","type":"page","link":"https:\/\/sokka.eus\/es\/elementor-1782\/","title":{"rendered":"Elementor #1782"},"content":{"rendered":"\t\t<div data-elementor-type=\"wp-page\" data-elementor-id=\"1782\" class=\"elementor elementor-1782\">\n\t\t\t\t<div class=\"elementor-element elementor-element-a72a05f e-flex e-con-boxed e-con e-parent\" data-id=\"a72a05f\" data-element_type=\"container\" data-settings=\"{&quot;content_width&quot;:&quot;boxed&quot;}\" data-core-v316-plus=\"true\">\n\t\t\t\t\t<div class=\"e-con-inner\">\n\t\t\t\t<div class=\"elementor-element elementor-element-40e59ee elementor-widget elementor-widget-heading\" data-id=\"40e59ee\" data-element_type=\"widget\" data-widget_type=\"heading.default\">\n\t\t\t\t<div class=\"elementor-widget-container\">\n\t\t\t<style>\/*! elementor - v3.19.0 - 29-01-2024 *\/\n.elementor-heading-title{padding:0;margin:0;line-height:1}.elementor-widget-heading .elementor-heading-title[class*=elementor-size-]>a{color:inherit;font-size:inherit;line-height:inherit}.elementor-widget-heading .elementor-heading-title.elementor-size-small{font-size:15px}.elementor-widget-heading .elementor-heading-title.elementor-size-medium{font-size:19px}.elementor-widget-heading .elementor-heading-title.elementor-size-large{font-size:29px}.elementor-widget-heading .elementor-heading-title.elementor-size-xl{font-size:39px}.elementor-widget-heading .elementor-heading-title.elementor-size-xxl{font-size:59px}<\/style><h2 class=\"elementor-heading-title elementor-size-default\">AVISO LEGAL<\/h2>\t\t<\/div>\n\t\t\t\t<\/div>\n\t\t\t\t\t<\/div>\n\t\t\t\t<\/div>\n\t\t<div class=\"elementor-element elementor-element-08655ec e-flex e-con-boxed e-con e-parent\" data-id=\"08655ec\" data-element_type=\"container\" data-settings=\"{&quot;content_width&quot;:&quot;boxed&quot;}\" data-core-v316-plus=\"true\">\n\t\t\t\t\t<div class=\"e-con-inner\">\n\t\t\t\t<div class=\"elementor-element elementor-element-5d8099f elementor-widget elementor-widget-text-editor\" data-id=\"5d8099f\" data-element_type=\"widget\" data-widget_type=\"text-editor.default\">\n\t\t\t\t<div class=\"elementor-widget-container\">\n\t\t\t<style>\/*! elementor - v3.19.0 - 29-01-2024 *\/\n.elementor-widget-text-editor.elementor-drop-cap-view-stacked .elementor-drop-cap{background-color:#69727d;color:#fff}.elementor-widget-text-editor.elementor-drop-cap-view-framed .elementor-drop-cap{color:#69727d;border:3px solid;background-color:transparent}.elementor-widget-text-editor:not(.elementor-drop-cap-view-default) .elementor-drop-cap{margin-top:8px}.elementor-widget-text-editor:not(.elementor-drop-cap-view-default) .elementor-drop-cap-letter{width:1em;height:1em}.elementor-widget-text-editor .elementor-drop-cap{float:left;text-align:center;line-height:1;font-size:50px}.elementor-widget-text-editor .elementor-drop-cap-letter{display:inline-block}<\/style>\t\t\t\t<p><span style=\"color: var(--ast-global-color-3); font-style: inherit; font-weight: inherit; text-align: var(--text-align);\">Bienvenido a la p\u00e1gina Web de ASOCIACI\u00d3N ESTUDIANTIL JUNIOR EMPRESA SOKKA (en adelante, SOKKA) con NIF&nbsp; G67715649 y domicilio en Leandro Agirretxe 1, Ir\u00fan. Contacto mediante mail en sokkateamcompany@gmail.com e inscrita en el Registro de Asociaciones con el n\u00famero AS\/G\/23973\/2021.<\/span><br><\/p>\n<p>Propiedad Intelectual<\/p>\n<p>Los contenidos de este sitio Web, textos, im\u00e1genes, sonidos, animaciones, etc. as\u00ed como su dise\u00f1o gr\u00e1fico y su c\u00f3digo fuente est\u00e1n protegidos por la legislaci\u00f3n espa\u00f1ola sobre los derechos de propiedad intelectual e industrial a favor de las sociedades que conforman SOKKA. Queda por tanto prohibida su reproducci\u00f3n, distribuci\u00f3n o comunicaci\u00f3n p\u00fablica, total o parcial, sin la autorizaci\u00f3n expresa de SOKKA.<\/p>\n<p>Contenido de la Web y enlaces<\/p>\n<p>En SOKKA no nos responsabilizamos del mal uso que se realice de los contenidos de nuestra p\u00e1gina Web, siendo exclusiva responsabilidad de la persona que accede a ellos o los utiliza. Tampoco asumimos ninguna responsabilidad por la informaci\u00f3n contenida en las p\u00e1ginas Web de terceros a las que se pueda acceder por enlaces o buscadores desde este sitio Web.<\/p>\n<p>Actualizaci\u00f3n y modificaci\u00f3n de la p\u00e1gina Web<\/p>\n<p>SOKKA, se reserva el derecho a modificar o eliminar, sin previo aviso, tanto la informaci\u00f3n contenida en su sitio Web como su configuraci\u00f3n y presentaci\u00f3n, sin asumir responsabilidad alguna por ello.<\/p>\n<p>Indicaciones sobre aspectos t\u00e9cnicos<\/p>\n<p>SOKKA no asume ninguna responsabilidad que se pueda derivar de problemas t\u00e9cnicos o fallos en los equipos inform\u00e1ticos que se produzcan durante la conexi\u00f3n a la red de Internet, as\u00ed como de da\u00f1os que pudieran ser causados por terceras personas mediante intromisiones ileg\u00edtimas fuera del control de SOKKA. Tambi\u00e9n quedamos exonerados de toda responsabilidad ante posibles da\u00f1os o perjuicios que pueda sufrir el usuario a consecuencia de errores, defectos u omisiones en la informaci\u00f3n que facilitemos cuando proceda de fuentes ajenas a nosotros.<\/p>\t\t\t\t\t\t<\/div>\n\t\t\t\t<\/div>\n\t\t\t\t\t<\/div>\n\t\t\t\t<\/div>\n\t\t\t\t<\/div>\n\t\t","protected":false},"excerpt":{"rendered":"<p>AVISO LEGAL Bienvenido a la p\u00e1gina Web de ASOCIACI\u00d3N ESTUDIANTIL JUNIOR EMPRESA SOKKA (en adelante, SOKKA) con NIF&nbsp; G67715649 y domicilio en Leandro Agirretxe 1, Ir\u00fan. Contacto mediante mail en sokkateamcompany@gmail.com e inscrita en el Registro de Asociaciones con el n\u00famero AS\/G\/23973\/2021. Propiedad Intelectual Los contenidos de este sitio Web, textos, im\u00e1genes, sonidos, animaciones, etc. [&hellip;]<\/p>\n","protected":false},"author":1,"featured_media":0,"parent":0,"menu_order":0,"comment_status":"closed","ping_status":"closed","template":"","meta":{"om_disable_all_campaigns":false,"_uag_custom_page_level_css":"","site-sidebar-layout":"no-sidebar","site-content-layout":"page-builder","ast-site-content-layout":"full-width-container","site-content-style":"default","site-sidebar-style":"default","ast-global-header-display":"","ast-banner-title-visibility":"","ast-main-header-display":"","ast-hfb-above-header-display":"","ast-hfb-below-header-display":"","ast-hfb-mobile-header-display":"","site-post-title":"disabled","ast-breadcrumbs-content":"","ast-featured-img":"disabled","footer-sml-layout":"","theme-transparent-header-meta":"","adv-header-id-meta":"","stick-header-meta":"","header-above-stick-meta":"","header-main-stick-meta":"","header-below-stick-meta":"","astra-migrate-meta-layouts":"set","ast-page-background-enabled":"default","ast-page-background-meta":{"desktop":{"background-color":"","background-image":"","background-repeat":"repeat","background-position":"center center","background-size":"auto","background-attachment":"scroll","background-type":"","background-media":"","overlay-type":"","overlay-color":"","overlay-gradient":""},"tablet":{"background-color":"","background-image":"","background-repeat":"repeat","background-position":"center center","background-size":"auto","background-attachment":"scroll","background-type":"","background-media":"","overlay-type":"","overlay-color":"","overlay-gradient":""},"mobile":{"background-color":"","background-image":"","background-repeat":"repeat","background-position":"center center","background-size":"auto","background-attachment":"scroll","background-type":"","background-media":"","overlay-type":"","overlay-color":"","overlay-gradient":""}},"ast-content-background-meta":{"desktop":{"background-color":"var(--ast-global-color-5)","background-image":"","background-repeat":"repeat","background-position":"center center","background-size":"auto","background-attachment":"scroll","background-type":"","background-media":"","overlay-type":"","overlay-color":"","overlay-gradient":""},"tablet":{"background-color":"var(--ast-global-color-5)","background-image":"","background-repeat":"repeat","background-position":"center center","background-size":"auto","background-attachment":"scroll","background-type":"","background-media":"","overlay-type":"","overlay-color":"","overlay-gradient":""},"mobile":{"background-color":"var(--ast-global-color-5)","background-image":"","background-repeat":"repeat","background-position":"center center","background-size":"auto","background-attachment":"scroll","background-type":"","background-media":"","overlay-type":"","overlay-color":"","overlay-gradient":""}},"footnotes":""},"class_list":["post-1782","page","type-page","status-publish","hentry"],"uagb_featured_image_src":{"full":false,"thumbnail":false,"medium":false,"medium_large":false,"large":false,"1536x1536":false,"2048x2048":false,"trp-custom-language-flag":false},"uagb_author_info":{"display_name":"Sokka","author_link":"https:\/\/sokka.eus\/es\/author\/sokka\/"},"uagb_comment_info":0,"uagb_excerpt":"AVISO LEGAL Bienvenido a la p\u00e1gina Web de ASOCIACI\u00d3N ESTUDIANTIL JUNIOR EMPRESA SOKKA (en adelante, SOKKA) con NIF&nbsp; G67715649 y domicilio en Leandro Agirretxe 1, Ir\u00fan. Contacto mediante mail en sokkateamcompany@gmail.com e inscrita en el Registro de Asociaciones con el n\u00famero AS\/G\/23973\/2021. Propiedad Intelectual Los contenidos de este sitio Web, textos, im\u00e1genes, sonidos, animaciones, etc.&hellip;","_links":{"self":[{"href":"https:\/\/sokka.eus\/es\/wp-json\/wp\/v2\/pages\/1782","targetHints":{"allow":["GET"]}}],"collection":[{"href":"https:\/\/sokka.eus\/es\/wp-json\/wp\/v2\/pages"}],"about":[{"href":"https:\/\/sokka.eus\/es\/wp-json\/wp\/v2\/types\/page"}],"author":[{"embeddable":true,"href":"https:\/\/sokka.eus\/es\/wp-json\/wp\/v2\/users\/1"}],"replies":[{"embeddable":true,"href":"https:\/\/sokka.eus\/es\/wp-json\/wp\/v2\/comments?post=1782"}],"version-history":[{"count":4,"href":"https:\/\/sokka.eus\/es\/wp-json\/wp\/v2\/pages\/1782\/revisions"}],"predecessor-version":[{"id":1786,"href":"https:\/\/sokka.eus\/es\/wp-json\/wp\/v2\/pages\/1782\/revisions\/1786"}],"wp:attachment":[{"href":"https:\/\/sokka.eus\/es\/wp-json\/wp\/v2\/media?parent=1782"}],"curies":[{"name":"wp","href":"https:\/\/api.w.org\/{rel}","templated":true}]}}