{"id":3,"date":"2024-01-23T15:56:41","date_gmt":"2024-01-23T14:56:41","guid":{"rendered":"https:\/\/sokka.eus\/?page_id=3"},"modified":"2025-01-23T16:17:42","modified_gmt":"2025-01-23T15:17:42","slug":"pribatutasun-politika","status":"publish","type":"page","link":"https:\/\/sokka.eus\/es\/pribatutasun-politika\/","title":{"rendered":"Pribatutasun Politika"},"content":{"rendered":"\t\t<div data-elementor-type=\"wp-page\" data-elementor-id=\"3\" class=\"elementor elementor-3\">\n\t\t\t\t<div class=\"elementor-element elementor-element-64cd0783 e-flex e-con-boxed e-con e-parent\" data-id=\"64cd0783\" data-element_type=\"container\" data-settings=\"{&quot;content_width&quot;:&quot;boxed&quot;}\" data-core-v316-plus=\"true\">\n\t\t\t\t\t<div class=\"e-con-inner\">\n\t\t\t\t<div class=\"elementor-element elementor-element-f5b27ad elementor-widget elementor-widget-heading\" data-id=\"f5b27ad\" data-element_type=\"widget\" data-widget_type=\"heading.default\">\n\t\t\t\t<div class=\"elementor-widget-container\">\n\t\t\t<style>\/*! elementor - v3.19.0 - 29-01-2024 *\/\n.elementor-heading-title{padding:0;margin:0;line-height:1}.elementor-widget-heading .elementor-heading-title[class*=elementor-size-]>a{color:inherit;font-size:inherit;line-height:inherit}.elementor-widget-heading .elementor-heading-title.elementor-size-small{font-size:15px}.elementor-widget-heading .elementor-heading-title.elementor-size-medium{font-size:19px}.elementor-widget-heading .elementor-heading-title.elementor-size-large{font-size:29px}.elementor-widget-heading .elementor-heading-title.elementor-size-xl{font-size:39px}.elementor-widget-heading .elementor-heading-title.elementor-size-xxl{font-size:59px}<\/style><h4 class=\"elementor-heading-title elementor-size-default\">POLITICA DE PRIVACIDAD<\/h4>\t\t<\/div>\n\t\t\t\t<\/div>\n\t\t\t\t<div class=\"elementor-element elementor-element-fde01fd elementor-widget elementor-widget-text-editor\" data-id=\"fde01fd\" data-element_type=\"widget\" data-widget_type=\"text-editor.default\">\n\t\t\t\t<div class=\"elementor-widget-container\">\n\t\t\t<style>\/*! elementor - v3.19.0 - 29-01-2024 *\/\n.elementor-widget-text-editor.elementor-drop-cap-view-stacked .elementor-drop-cap{background-color:#69727d;color:#fff}.elementor-widget-text-editor.elementor-drop-cap-view-framed .elementor-drop-cap{color:#69727d;border:3px solid;background-color:transparent}.elementor-widget-text-editor:not(.elementor-drop-cap-view-default) .elementor-drop-cap{margin-top:8px}.elementor-widget-text-editor:not(.elementor-drop-cap-view-default) .elementor-drop-cap-letter{width:1em;height:1em}.elementor-widget-text-editor .elementor-drop-cap{float:left;text-align:center;line-height:1;font-size:50px}.elementor-widget-text-editor .elementor-drop-cap-letter{display:inline-block}<\/style>\t\t\t\t<p><span style=\"font-style: inherit; font-weight: inherit; text-align: var(--text-align); background-color: var(--ast-global-color-5); color: var(--ast-global-color-3);\">La web sokka.eus, es un proyecto que est\u00e1 bajo el ecosistema SOKKA, sus datos ser\u00e1n tratados por SOKKAcomo responsable.&nbsp;<\/span><\/p>\n<p><span style=\"font-style: inherit; font-weight: inherit; text-align: var(--text-align); background-color: var(--ast-global-color-5); color: var(--ast-global-color-3);\">Identificacio\u0301n del responsable:<\/span><\/p>\n<p>ASOCIACIO\u0301N ESTUDIANTIL JUNIOR EMPRESA SOKKA (en adelante, SOKKA) con NIF G67715649 y domicilio en Leandro Agirretxe 1 20304 Iru\u0301n<br>Contacto: sokkateamcompany.com<br>\u00bfQuie\u0301n es el Responsable del tratamiento de sus datos?<br>La presente poli\u0301tica de privacidad aplica a todos los datos de cara\u0301cter personal que el interesado aporte a SOKKA, asi\u0301 como a toda persona fi\u0301sica interesada en las actividades y servicios que SOKKA ofrece a trave\u0301s de sus pa\u0301ginas web y a trave\u0301s de cualquier otro medio de comunicacio\u0301n. El objetivo de la Poli\u0301tica de Privacidad de SOKKA es dar transparencia a la informacio\u0301n de co\u0301mo tratamos sus datos personales en cumplimiento de la normativa vigente en proteccio\u0301n de datos.<br>El interesado podra\u0301 ponerse en contacto con SOKKA a trave\u0301s de la informacio\u0301n detallada en la identificacio\u0301n del responsable.<\/p><p>\u00bfCon que\u0301 finalidad tratamos sus datos personales y con que\u0301 legitimacio\u0301n?<\/p><p>SOKKA dispone de un Registro de Actividades de Tratamiento donde se detallan cada uno de los siguientes tratamientos realizados como responsable de tratamiento:<\/p><div><br><\/div>\n<p><!-- \/wp:paragraph --><\/p>\t\t\t\t\t\t<\/div>\n\t\t\t\t<\/div>\n\t\t\t\t\t<\/div>\n\t\t\t\t<\/div>\n\t\t<div class=\"elementor-element elementor-element-64874e4 e-flex e-con-boxed e-con e-parent\" data-id=\"64874e4\" data-element_type=\"container\" data-settings=\"{&quot;content_width&quot;:&quot;boxed&quot;}\" data-core-v316-plus=\"true\">\n\t\t\t\t\t<div class=\"e-con-inner\">\n\t\t\t\t<div class=\"elementor-element elementor-element-5f01e3b elementor-widget elementor-widget-image\" data-id=\"5f01e3b\" data-element_type=\"widget\" data-widget_type=\"image.default\">\n\t\t\t\t<div class=\"elementor-widget-container\">\n\t\t\t<style>\/*! elementor - v3.19.0 - 29-01-2024 *\/\n.elementor-widget-image{text-align:center}.elementor-widget-image a{display:inline-block}.elementor-widget-image a img[src$=\".svg\"]{width:48px}.elementor-widget-image img{vertical-align:middle;display:inline-block}<\/style>\t\t\t\t\t\t\t\t\t\t<img fetchpriority=\"high\" decoding=\"async\" width=\"787\" height=\"285\" src=\"https:\/\/sokka.eus\/wp-content\/uploads\/2025\/01\/Captura-de-pantalla-2025-01-21-143955.png\" class=\"attachment-large size-large wp-image-2903\" alt=\"\" srcset=\"https:\/\/sokka.eus\/wp-content\/uploads\/2025\/01\/Captura-de-pantalla-2025-01-21-143955.png 787w, https:\/\/sokka.eus\/wp-content\/uploads\/2025\/01\/Captura-de-pantalla-2025-01-21-143955-300x109.png 300w, https:\/\/sokka.eus\/wp-content\/uploads\/2025\/01\/Captura-de-pantalla-2025-01-21-143955-768x278.png 768w, https:\/\/sokka.eus\/wp-content\/uploads\/2025\/01\/Captura-de-pantalla-2025-01-21-143955-18x7.png 18w\" sizes=\"(max-width: 787px) 100vw, 787px\" \/>\t\t\t\t\t\t\t\t\t\t\t\t\t<\/div>\n\t\t\t\t<\/div>\n\t\t\t\t\t<\/div>\n\t\t\t\t<\/div>\n\t\t<div class=\"elementor-element elementor-element-b2db3d8 e-flex e-con-boxed e-con e-parent\" data-id=\"b2db3d8\" data-element_type=\"container\" data-settings=\"{&quot;content_width&quot;:&quot;boxed&quot;}\" data-core-v316-plus=\"true\">\n\t\t\t\t\t<div class=\"e-con-inner\">\n\t\t\t\t<div class=\"elementor-element elementor-element-18cd88a elementor-widget elementor-widget-image\" data-id=\"18cd88a\" data-element_type=\"widget\" data-widget_type=\"image.default\">\n\t\t\t\t<div class=\"elementor-widget-container\">\n\t\t\t\t\t\t\t\t\t\t\t\t\t<img decoding=\"async\" width=\"779\" height=\"359\" src=\"https:\/\/sokka.eus\/wp-content\/uploads\/2025\/01\/Captura-de-pantalla-2025-01-21-144453.png\" class=\"attachment-large size-large wp-image-2904\" alt=\"\" srcset=\"https:\/\/sokka.eus\/wp-content\/uploads\/2025\/01\/Captura-de-pantalla-2025-01-21-144453.png 779w, https:\/\/sokka.eus\/wp-content\/uploads\/2025\/01\/Captura-de-pantalla-2025-01-21-144453-300x138.png 300w, https:\/\/sokka.eus\/wp-content\/uploads\/2025\/01\/Captura-de-pantalla-2025-01-21-144453-768x354.png 768w, https:\/\/sokka.eus\/wp-content\/uploads\/2025\/01\/Captura-de-pantalla-2025-01-21-144453-18x8.png 18w\" sizes=\"(max-width: 779px) 100vw, 779px\" \/>\t\t\t\t\t\t\t\t\t\t\t\t\t<\/div>\n\t\t\t\t<\/div>\n\t\t\t\t\t<\/div>\n\t\t\t\t<\/div>\n\t\t<div class=\"elementor-element elementor-element-57b8e1d e-flex e-con-boxed e-con e-parent\" data-id=\"57b8e1d\" data-element_type=\"container\" data-settings=\"{&quot;content_width&quot;:&quot;boxed&quot;}\" data-core-v316-plus=\"true\">\n\t\t\t\t\t<div class=\"e-con-inner\">\n\t\t\t\t<div class=\"elementor-element elementor-element-7d512e0 elementor-widget elementor-widget-image\" data-id=\"7d512e0\" data-element_type=\"widget\" data-widget_type=\"image.default\">\n\t\t\t\t<div class=\"elementor-widget-container\">\n\t\t\t\t\t\t\t\t\t\t\t\t\t<img decoding=\"async\" width=\"771\" height=\"374\" src=\"https:\/\/sokka.eus\/wp-content\/uploads\/2025\/01\/Captura-de-pantalla-2025-01-21-144853.png\" class=\"attachment-large size-large wp-image-2905\" alt=\"\" srcset=\"https:\/\/sokka.eus\/wp-content\/uploads\/2025\/01\/Captura-de-pantalla-2025-01-21-144853.png 771w, https:\/\/sokka.eus\/wp-content\/uploads\/2025\/01\/Captura-de-pantalla-2025-01-21-144853-300x146.png 300w, https:\/\/sokka.eus\/wp-content\/uploads\/2025\/01\/Captura-de-pantalla-2025-01-21-144853-768x373.png 768w, https:\/\/sokka.eus\/wp-content\/uploads\/2025\/01\/Captura-de-pantalla-2025-01-21-144853-18x9.png 18w\" sizes=\"(max-width: 771px) 100vw, 771px\" \/>\t\t\t\t\t\t\t\t\t\t\t\t\t<\/div>\n\t\t\t\t<\/div>\n\t\t\t\t\t<\/div>\n\t\t\t\t<\/div>\n\t\t<div class=\"elementor-element elementor-element-613b974 e-flex e-con-boxed e-con e-parent\" data-id=\"613b974\" data-element_type=\"container\" data-settings=\"{&quot;content_width&quot;:&quot;boxed&quot;}\" data-core-v316-plus=\"true\">\n\t\t\t\t\t<div class=\"e-con-inner\">\n\t\t\t\t<div class=\"elementor-element elementor-element-aa41140 elementor-widget elementor-widget-image\" data-id=\"aa41140\" data-element_type=\"widget\" data-widget_type=\"image.default\">\n\t\t\t\t<div class=\"elementor-widget-container\">\n\t\t\t\t\t\t\t\t\t\t\t\t\t<img loading=\"lazy\" decoding=\"async\" width=\"765\" height=\"420\" src=\"https:\/\/sokka.eus\/wp-content\/uploads\/2025\/01\/Captura-de-pantalla-2025-01-21-145412.png\" class=\"attachment-large size-large wp-image-2906\" alt=\"\" srcset=\"https:\/\/sokka.eus\/wp-content\/uploads\/2025\/01\/Captura-de-pantalla-2025-01-21-145412.png 765w, https:\/\/sokka.eus\/wp-content\/uploads\/2025\/01\/Captura-de-pantalla-2025-01-21-145412-300x165.png 300w, https:\/\/sokka.eus\/wp-content\/uploads\/2025\/01\/Captura-de-pantalla-2025-01-21-145412-18x10.png 18w\" sizes=\"(max-width: 765px) 100vw, 765px\" \/>\t\t\t\t\t\t\t\t\t\t\t\t\t<\/div>\n\t\t\t\t<\/div>\n\t\t\t\t\t<\/div>\n\t\t\t\t<\/div>\n\t\t<div class=\"elementor-element elementor-element-a7ff5b5 e-flex e-con-boxed e-con e-parent\" data-id=\"a7ff5b5\" data-element_type=\"container\" data-settings=\"{&quot;content_width&quot;:&quot;boxed&quot;}\" data-core-v316-plus=\"true\">\n\t\t\t\t\t<div class=\"e-con-inner\">\n\t\t\t\t<div class=\"elementor-element elementor-element-f457dda elementor-widget elementor-widget-image\" data-id=\"f457dda\" data-element_type=\"widget\" data-widget_type=\"image.default\">\n\t\t\t\t<div class=\"elementor-widget-container\">\n\t\t\t\t\t\t\t\t\t\t\t\t\t<img loading=\"lazy\" decoding=\"async\" width=\"756\" height=\"386\" src=\"https:\/\/sokka.eus\/wp-content\/uploads\/2025\/01\/Captura-de-pantalla-2025-01-21-145746.png\" class=\"attachment-large size-large wp-image-2907\" alt=\"\" srcset=\"https:\/\/sokka.eus\/wp-content\/uploads\/2025\/01\/Captura-de-pantalla-2025-01-21-145746.png 756w, https:\/\/sokka.eus\/wp-content\/uploads\/2025\/01\/Captura-de-pantalla-2025-01-21-145746-300x153.png 300w, https:\/\/sokka.eus\/wp-content\/uploads\/2025\/01\/Captura-de-pantalla-2025-01-21-145746-18x9.png 18w\" sizes=\"(max-width: 756px) 100vw, 756px\" \/>\t\t\t\t\t\t\t\t\t\t\t\t\t<\/div>\n\t\t\t\t<\/div>\n\t\t\t\t\t<\/div>\n\t\t\t\t<\/div>\n\t\t<div class=\"elementor-element elementor-element-90a1126 e-flex e-con-boxed e-con e-parent\" data-id=\"90a1126\" data-element_type=\"container\" data-settings=\"{&quot;content_width&quot;:&quot;boxed&quot;}\" data-core-v316-plus=\"true\">\n\t\t\t\t\t<div class=\"e-con-inner\">\n\t\t\t\t<div class=\"elementor-element elementor-element-3dd889b elementor-widget elementor-widget-image\" data-id=\"3dd889b\" data-element_type=\"widget\" data-widget_type=\"image.default\">\n\t\t\t\t<div class=\"elementor-widget-container\">\n\t\t\t\t\t\t\t\t\t\t\t\t\t<img loading=\"lazy\" decoding=\"async\" width=\"772\" height=\"442\" src=\"https:\/\/sokka.eus\/wp-content\/uploads\/2025\/01\/Captura-de-pantalla-2025-01-21-150324.png\" class=\"attachment-large size-large wp-image-2908\" alt=\"\" srcset=\"https:\/\/sokka.eus\/wp-content\/uploads\/2025\/01\/Captura-de-pantalla-2025-01-21-150324.png 772w, https:\/\/sokka.eus\/wp-content\/uploads\/2025\/01\/Captura-de-pantalla-2025-01-21-150324-300x172.png 300w, https:\/\/sokka.eus\/wp-content\/uploads\/2025\/01\/Captura-de-pantalla-2025-01-21-150324-768x440.png 768w, https:\/\/sokka.eus\/wp-content\/uploads\/2025\/01\/Captura-de-pantalla-2025-01-21-150324-18x10.png 18w\" sizes=\"(max-width: 772px) 100vw, 772px\" \/>\t\t\t\t\t\t\t\t\t\t\t\t\t<\/div>\n\t\t\t\t<\/div>\n\t\t\t\t\t<\/div>\n\t\t\t\t<\/div>\n\t\t<div class=\"elementor-element elementor-element-b4f167f e-flex e-con-boxed e-con e-parent\" data-id=\"b4f167f\" data-element_type=\"container\" data-settings=\"{&quot;content_width&quot;:&quot;boxed&quot;}\" data-core-v316-plus=\"true\">\n\t\t\t\t\t<div class=\"e-con-inner\">\n\t\t\t\t<div class=\"elementor-element elementor-element-a1004fe elementor-widget elementor-widget-image\" data-id=\"a1004fe\" data-element_type=\"widget\" data-widget_type=\"image.default\">\n\t\t\t\t<div class=\"elementor-widget-container\">\n\t\t\t\t\t\t\t\t\t\t\t\t\t<img loading=\"lazy\" decoding=\"async\" width=\"765\" height=\"443\" src=\"https:\/\/sokka.eus\/wp-content\/uploads\/2025\/01\/Captura-de-pantalla-2025-01-21-150432.png\" class=\"attachment-large size-large wp-image-2909\" alt=\"\" srcset=\"https:\/\/sokka.eus\/wp-content\/uploads\/2025\/01\/Captura-de-pantalla-2025-01-21-150432.png 765w, https:\/\/sokka.eus\/wp-content\/uploads\/2025\/01\/Captura-de-pantalla-2025-01-21-150432-300x174.png 300w, https:\/\/sokka.eus\/wp-content\/uploads\/2025\/01\/Captura-de-pantalla-2025-01-21-150432-18x10.png 18w\" sizes=\"(max-width: 765px) 100vw, 765px\" \/>\t\t\t\t\t\t\t\t\t\t\t\t\t<\/div>\n\t\t\t\t<\/div>\n\t\t\t\t\t<\/div>\n\t\t\t\t<\/div>\n\t\t<div class=\"elementor-element elementor-element-49f6eb3 e-flex e-con-boxed e-con e-parent\" data-id=\"49f6eb3\" data-element_type=\"container\" data-settings=\"{&quot;content_width&quot;:&quot;boxed&quot;}\" data-core-v316-plus=\"true\">\n\t\t\t\t\t<div class=\"e-con-inner\">\n\t\t\t\t<div class=\"elementor-element elementor-element-5c0891e elementor-widget elementor-widget-text-editor\" data-id=\"5c0891e\" data-element_type=\"widget\" data-widget_type=\"text-editor.default\">\n\t\t\t\t<div class=\"elementor-widget-container\">\n\t\t\t\t\t\t\t<p><strong>\u00bfCon qu\u00e9 finalidad tratamos sus datos personales y con qu\u00e9 legitimaci\u00f3n?<\/strong><\/p><p>SOKKA dispone de un Registro de Actividades de Tratamiento donde se detallan cada uno de los siguientes tratamientos realizados como responsable de tratamiento.<\/p><p><span style=\"font-style: inherit; font-weight: inherit; text-align: var(--text-align); background-color: var(--ast-global-color-5); color: var(--ast-global-color-3);\">En el caso, debidamente justificado, que requiera conocer mayor detalle en\u00a0<\/span><span style=\"font-style: inherit; font-weight: inherit; text-align: var(--text-align); background-color: var(--ast-global-color-5); color: var(--ast-global-color-3);\">cuanto al Registro de Actividades de Tratamiento puede dirigirse a SOKKA\u00a0<\/span><span style=\"font-style: inherit; font-weight: inherit; text-align: var(--text-align); background-color: var(--ast-global-color-5); color: var(--ast-global-color-3);\">mediante cualquiera de los canales identificados<\/span><\/p><p><strong>\u00bfPor cu\u00e1nto tiempo conservamos sus datos personales?<\/strong><\/p><p>SOKKA conservar\u00e1 los datos de los afectados mientras dure su relaci\u00f3n con la organizaci\u00f3n y posteriormente a la misma, se conservar\u00e1n los datos acorde a lo dispuesto en la normativa de archivo y documentaci\u00f3n que cada legislaci\u00f3n\u00a0<span style=\"font-style: inherit; font-weight: inherit; text-align: var(--text-align); background-color: var(--ast-global-color-5); color: var(--ast-global-color-3);\">aplicable establezca. En caso de que solicite un derecho se proceder\u00e1 a la\u00a0<\/span><span style=\"font-style: inherit; font-weight: inherit; text-align: var(--text-align); background-color: var(--ast-global-color-5); color: var(--ast-global-color-3);\">supresi\u00f3n de sus datos en funci\u00f3n al derecho que haya solicitado .<\/span><\/p><p><strong>\u00bfQui\u00e9n tiene acceso a sus datos personales?<\/strong><\/p><p>SOKKA podr\u00e1 realizar cesiones o comunicaciones de datos personales para atender sus obligaciones con las Administraciones P\u00fablicas en los casos que as\u00ed se requiera de acuerdo con la legislaci\u00f3n vigente en cada momento .<\/p><p><strong>\u00bfCu\u00e1les son los derechos de los afectados?<\/strong><\/p><p>Le informamos de que podr\u00e1 ejercer los siguientes derechos:<\/p><p>1 .Derecho de acceso a sus datos personales para saber cu\u00e1les est\u00e1n siendo objeto de tratamiento;<br \/>2 .Derecho de rectificaci\u00f3n de cualquier dato personal inexacto;<br \/>3 .Derecho de supresi\u00f3n de sus datos personales, cuando esto sea posible;<br \/>4 .Derecho a solicitar la limitaci\u00f3n del tratamiento de sus datos personales cuando la exactitud, la legalidad o la necesidad del tratamiento de los datos resulte dudosa, en cuyo caso, podremos conservar los datos para el ejercicio o la defensa de reclamaciones .<br \/>5 .Derecho de oposici\u00f3n al tratamiento de sus datos personales, cuando la base legal que nos habilite para su tratamiento sea el inter\u00e9s leg\u00edtimo. SOKKA\u00a0dejar\u00e1 de tratar sus datos salvo que tenga un inter\u00e9s leg\u00edtimo imperioso o para la formulaci\u00f3n, el ejercicio o la defensa de reclamaciones .<br \/>6 .Derecho a la portabilidad de sus datos, cuando la base legal que nos habilite para su tratamiento de las indicadas sea su consentimiento .<\/p><p>Dichos derechos podr\u00e1n ser ejercitados gratuitamente por el interesado, y en su caso quien lo represente, mediante solicitud escrita dirigida a<br \/>kaixo@sokka.eus<\/p><p>Adem\u00e1s de los anteriores derechos, el interesado tendr\u00e1 derecho a retirar el consentimiento otorgado en cualquier momento sin que dicha retirada de consentimiento, afecte a la licitud del tratamiento anterior a la retirada del mismo. SOKKA podr\u00e1 continuar tratando los datos del interesado en la medida en que la ley aplicable lo permite .<\/p><p>SOKKA recuerda al interesado que tiene derecho a presentar una reclamaci\u00f3n ante la Autoridad de Control competente del pa\u00eds en el que se encuentra .<\/p><p><strong>Baja en el servicio del env\u00edo de comunicaciones comerciales<\/strong><\/p><p>El interesado tiene derecho a revocar en cualquier momento el consentimiento prestado para el env\u00edo de comunicaciones comerciales con la simple notificaci\u00f3n a SOKKA por la cual informa que no desea seguir recibiendo comunicaciones comerciales. Para ello, el interesado podr\u00e1 pinchar en el enlace incluido en cada\u00a0<span style=\"font-style: inherit; font-weight: inherit; text-align: var(--text-align); background-color: var(--ast-global-color-5); color: var(--ast-global-color-3);\">comunicaci\u00f3n cancelando el env\u00edo de comunicaciones comerciales, electr\u00f3nicas o\u00a0<\/span><span style=\"font-style: inherit; font-weight: inherit; text-align: var(--text-align); background-color: var(--ast-global-color-5); color: var(--ast-global-color-3);\">bien revocar su consentimiento mediante comunicado a kaixo@sokka.eus<\/span><\/p><p><strong>\u00bfQu\u00e9 medidas de seguridad tenemos implementadas?<\/strong><\/p><p>SOKKA se compromete al cumplimiento de su obligaci\u00f3n de secreto de los datos de car\u00e1cter personal y de su deber de guardarlos, y adoptar\u00e1 las medidas necesarias para evitar su alteraci\u00f3n, p\u00e9rdida, tratamiento o acceso no autorizado, de acuerdo con lo establecido por normativa aplicable .<\/p><p>SOKKA tiene implantadas las medidas de seguridad de \u00edndole t\u00e9cnica y organizativas necesarias para garantizar la seguridad de sus datos de car\u00e1cter personal y evitar su alteraci\u00f3n, p\u00e9rdida y tratamiento y\/o acceso no autorizado, habida cuenta del estado de la tecnolog\u00eda, la naturaleza de los datos almacenados y los riesgos a que est\u00e1n expuestos, ya provengan de la acci\u00f3n humana o del medio f\u00edsico o natural, de acuerdo a lo establecido por la normativa aplicable .<\/p><p><strong>Links<\/strong><\/p><p>La p\u00e1gina web de SOKKA puede incluir hiperv\u00ednculos a otros sitios que no son operados o controlados por SOKKA. Por ello, SOKKA no garantiza, ni se hace responsable de la licitud, fiabilidad, utilidad, veracidad y actualidad de los contenidos de tales sitios web o de sus pr\u00e1cticas de privacidad. Por favor antes de proporcionar su informaci\u00f3n personal a estos sitios web ajenos a SOKKA tenga en cuenta que su cumplimiento en materia de protecci\u00f3n de datos puede diferir del nuestro.<\/p><p><strong>Modificaci\u00f3n de la Pol\u00edtica de Privacidad<\/strong><\/p><p>SOKKA podr\u00e1 modificar su Pol\u00edtica de Privacidad de acuerdo con la legislaci\u00f3n aplicable en cada momento. En todo caso, cualquier modificaci\u00f3n de la Pol\u00edtica de Privacidad le ser\u00e1 debidamente notificada al Afectado para que, quede informado de los cambios realizados en el tratamiento de sus datos personales y, en caso de que la normativa aplicable as\u00ed lo exija, el Afectado pueda otorgar su consentimiento .<\/p><p><strong>\u00daltima actualizaci\u00f3n de la Pol\u00edtica de Privacidad de SOKKA enero 2025<\/strong><\/p>\t\t\t\t\t\t<\/div>\n\t\t\t\t<\/div>\n\t\t\t\t\t<\/div>\n\t\t\t\t<\/div>\n\t\t\t\t<\/div>\n\t\t","protected":false},"excerpt":{"rendered":"<p>POLITICA DE PRIVACIDAD La web sokka.eus, es un proyecto que est\u00e1 bajo el ecosistema SOKKA, sus datos ser\u00e1n tratados por SOKKAcomo responsable.&nbsp; Identificacio\u0301n del responsable: ASOCIACIO\u0301N ESTUDIANTIL JUNIOR EMPRESA SOKKA (en adelante, SOKKA) con NIF G67715649 y domicilio en Leandro Agirretxe 1 20304 Iru\u0301nContacto: sokkateamcompany.com\u00bfQuie\u0301n es el Responsable del tratamiento de sus datos?La presente poli\u0301tica [&hellip;]<\/p>\n","protected":false},"author":1,"featured_media":0,"parent":0,"menu_order":0,"comment_status":"closed","ping_status":"open","template":"","meta":{"om_disable_all_campaigns":false,"_uag_custom_page_level_css":"","site-sidebar-layout":"default","site-content-layout":"","ast-site-content-layout":"default","site-content-style":"default","site-sidebar-style":"default","ast-global-header-display":"","ast-banner-title-visibility":"","ast-main-header-display":"","ast-hfb-above-header-display":"","ast-hfb-below-header-display":"","ast-hfb-mobile-header-display":"","site-post-title":"","ast-breadcrumbs-content":"","ast-featured-img":"","footer-sml-layout":"","theme-transparent-header-meta":"","adv-header-id-meta":"","stick-header-meta":"","header-above-stick-meta":"","header-main-stick-meta":"","header-below-stick-meta":"","astra-migrate-meta-layouts":"set","ast-page-background-enabled":"default","ast-page-background-meta":{"desktop":{"background-color":"","background-image":"","background-repeat":"repeat","background-position":"center center","background-size":"auto","background-attachment":"scroll","background-type":"","background-media":"","overlay-type":"","overlay-color":"","overlay-gradient":""},"tablet":{"background-color":"","background-image":"","background-repeat":"repeat","background-position":"center center","background-size":"auto","background-attachment":"scroll","background-type":"","background-media":"","overlay-type":"","overlay-color":"","overlay-gradient":""},"mobile":{"background-color":"","background-image":"","background-repeat":"repeat","background-position":"center center","background-size":"auto","background-attachment":"scroll","background-type":"","background-media":"","overlay-type":"","overlay-color":"","overlay-gradient":""}},"ast-content-background-meta":{"desktop":{"background-color":"var(--ast-global-color-5)","background-image":"","background-repeat":"repeat","background-position":"center center","background-size":"auto","background-attachment":"scroll","background-type":"","background-media":"","overlay-type":"","overlay-color":"","overlay-gradient":""},"tablet":{"background-color":"var(--ast-global-color-5)","background-image":"","background-repeat":"repeat","background-position":"center center","background-size":"auto","background-attachment":"scroll","background-type":"","background-media":"","overlay-type":"","overlay-color":"","overlay-gradient":""},"mobile":{"background-color":"var(--ast-global-color-5)","background-image":"","background-repeat":"repeat","background-position":"center center","background-size":"auto","background-attachment":"scroll","background-type":"","background-media":"","overlay-type":"","overlay-color":"","overlay-gradient":""}},"footnotes":""},"class_list":["post-3","page","type-page","status-publish","hentry"],"uagb_featured_image_src":{"full":false,"thumbnail":false,"medium":false,"medium_large":false,"large":false,"1536x1536":false,"2048x2048":false,"trp-custom-language-flag":false},"uagb_author_info":{"display_name":"Sokka","author_link":"https:\/\/sokka.eus\/es\/author\/sokka\/"},"uagb_comment_info":0,"uagb_excerpt":"POLITICA DE PRIVACIDAD La web sokka.eus, es un proyecto que est\u00e1 bajo el ecosistema SOKKA, sus datos ser\u00e1n tratados por SOKKAcomo responsable.&nbsp; Identificacio\u0301n del responsable: ASOCIACIO\u0301N ESTUDIANTIL JUNIOR EMPRESA SOKKA (en adelante, SOKKA) con NIF G67715649 y domicilio en Leandro Agirretxe 1 20304 Iru\u0301nContacto: sokkateamcompany.com\u00bfQuie\u0301n es el Responsable del tratamiento de sus datos?La presente poli\u0301tica&hellip;","_links":{"self":[{"href":"https:\/\/sokka.eus\/es\/wp-json\/wp\/v2\/pages\/3","targetHints":{"allow":["GET"]}}],"collection":[{"href":"https:\/\/sokka.eus\/es\/wp-json\/wp\/v2\/pages"}],"about":[{"href":"https:\/\/sokka.eus\/es\/wp-json\/wp\/v2\/types\/page"}],"author":[{"embeddable":true,"href":"https:\/\/sokka.eus\/es\/wp-json\/wp\/v2\/users\/1"}],"replies":[{"embeddable":true,"href":"https:\/\/sokka.eus\/es\/wp-json\/wp\/v2\/comments?post=3"}],"version-history":[{"count":13,"href":"https:\/\/sokka.eus\/es\/wp-json\/wp\/v2\/pages\/3\/revisions"}],"predecessor-version":[{"id":2925,"href":"https:\/\/sokka.eus\/es\/wp-json\/wp\/v2\/pages\/3\/revisions\/2925"}],"wp:attachment":[{"href":"https:\/\/sokka.eus\/es\/wp-json\/wp\/v2\/media?parent=3"}],"curies":[{"name":"wp","href":"https:\/\/api.w.org\/{rel}","templated":true}]}}